{"id":2,"date":"2022-11-21T13:57:42","date_gmt":"2022-11-21T13:57:42","guid":{"rendered":"https:\/\/praxisroepke.de\/?page_id=2"},"modified":"2026-01-19T11:44:50","modified_gmt":"2026-01-19T11:44:50","slug":"impressum","status":"publish","type":"page","link":"https:\/\/praxisroepke.de\/index.php\/impressum\/","title":{"rendered":"Impressum"},"content":{"rendered":"<p>[et_pb_section fb_built=&#8220;1&#8243; admin_label=&#8220;section&#8220; _builder_version=&#8220;4.16&#8243; global_colors_info=&#8220;{}&#8220;][et_pb_row column_structure=&#8220;1_2,1_2&#8243; admin_label=&#8220;row&#8220; _builder_version=&#8220;4.16&#8243; background_size=&#8220;initial&#8220; background_position=&#8220;top_left&#8220; background_repeat=&#8220;repeat&#8220; global_colors_info=&#8220;{}&#8220;][et_pb_column type=&#8220;1_2&#8243; _builder_version=&#8220;4.16&#8243; custom_padding=&#8220;|||&#8220; global_colors_info=&#8220;{}&#8220; custom_padding__hover=&#8220;|||&#8220;][et_pb_text _builder_version=&#8220;4.19.1&#8243; _module_preset=&#8220;default&#8220; global_colors_info=&#8220;{}&#8220;]<\/p>\n<div id=\"wb_element_instance47\" class=\"wb_element wb_text_element\">\n<h1 class=\"wb-stl-heading1\">Impressum<\/h1>\n<h4 class=\"wb-stl-custom3\">Angaben gem\u00e4\u00df \u00a7 5 TMG:<\/h4>\n<h4 class=\"wb-stl-custom3\">The Family Osteopath<br \/>Heilpraktikerin<br \/>Bianca R\u00f6pke<\/h4>\n<h4 class=\"wb-stl-custom3\">Postanschrift:<\/h4>\n<h4 class=\"wb-stl-custom3\">Bergstra\u00dfe 27<br \/>10115 Berlin<\/h4>\n<h4 class=\"wb-stl-custom3\">Kontakt:<\/h4>\n<h4 class=\"wb-stl-custom3\">Telefon: 01794604375<br \/>E-Mail: praxis@thefamilyosteopath.de<\/h4>\n<h4 class=\"wb-stl-custom3\">Vertreten durch:<\/h4>\n<h4 class=\"wb-stl-custom3\">Inhaberin Bianca R\u00f6pke<\/h4>\n<p class=\"wb-stl-custom3\">\n<p class=\"wb-stl-custom3\">\n<\/div>\n<p>[\/et_pb_text][\/et_pb_column][et_pb_column type=&#8220;1_2&#8243; _builder_version=&#8220;4.16&#8243; custom_padding=&#8220;|||&#8220; global_colors_info=&#8220;{}&#8220; custom_padding__hover=&#8220;|||&#8220;][et_pb_text _builder_version=&#8220;4.19.1&#8243; _module_preset=&#8220;default&#8220; global_colors_info=&#8220;{}&#8220;]<\/p>\n<h4 class=\"wb-stl-custom3\">Aufsichtsbeh\u00f6rde<\/h4>\n<h4 class=\"wb-stl-custom3\">Gesundheitsamt Berlin Lichtenberg, Alfred-Kowalke-Str. 24, 10315 Berlin<\/h4>\n<h4 class=\"wb-stl-custom3\"><\/h4>\n<h4 class=\"wb-stl-custom3\">Die Berufshaftpflichtversicherung wurde abgeschlossen bei:<\/h4>\n<h4 class=\"wb-stl-custom3\">Die Continentale, Landesdirektion Czwikla &amp; Team GmbH, Rathenaustr. 9 (an der Oper),\u00a030159 Hannover<\/h4>\n<h4 class=\"wb-stl-custom3\">Geltungsbereich des Versicherungsschutzes:<\/h4>\n<h4 class=\"wb-stl-custom3\">Personen- und Sachsch\u00e4den, Verm\u00f6genssch\u00e4den<\/h4>\n<h4 class=\"wb-stl-custom3\"><\/h4>\n<h4 class=\"wb-stl-custom3\">Hinweise zur Website<\/h4>\n<h4 class=\"wb-stl-custom3\">Information gem\u00e4\u00df \u00a7 36 VSBG<\/h4>\n<h4 class=\"wb-stl-custom3\">Gem\u00e4\u00df \u00a7 36 VSBG (Verbraucherstreitbeilegungsgesetz \u2013 Gesetz \u00fcber die alternative Streitbeilegung in Verbrauchersachen) erkl\u00e4rt der Betreiber dieser Website:<\/h4>\n<h4 class=\"wb-stl-custom3\">Wir sind weder bereit noch verpflichtet, an Streitbeilegungsverfahren vor einer Verbraucherschlichtungsstelle teilzunehmen.<\/h4>\n<h4 class=\"wb-stl-custom3\"><\/h4>\n<h4 class=\"wb-stl-custom3\">Das Impressum wurde mit dem\u00a0Impressums-Generator der activeMind AG\u00a0erstellt.<\/h4>\n<p>[\/et_pb_text][\/et_pb_column][\/et_pb_row][\/et_pb_section][et_pb_section fb_built=&#8220;1&#8243; _builder_version=&#8220;4.19.1&#8243; _module_preset=&#8220;default&#8220; global_colors_info=&#8220;{}&#8220;][et_pb_row column_structure=&#8220;1_2,1_2&#8243; _builder_version=&#8220;4.19.1&#8243; _module_preset=&#8220;default&#8220; global_colors_info=&#8220;{}&#8220;][et_pb_column type=&#8220;1_2&#8243; _builder_version=&#8220;4.19.1&#8243; _module_preset=&#8220;default&#8220; global_colors_info=&#8220;{}&#8220;][et_pb_text _builder_version=&#8220;4.19.1&#8243; _module_preset=&#8220;default&#8220; global_colors_info=&#8220;{}&#8220;]<\/p>\n<h1>Imprint<\/h1>\n<h4>Information according to \u00a7 5 TMG:<\/h4>\n<h4 class=\"wb-stl-custom3\">The Family Osteopath<br \/>Heilpraktikerin<br \/>Bianca R\u00f6pke<\/h4>\n<h4>Postal address:<\/h4>\n<h4 class=\"wb-stl-custom3\">Bergstra\u00dfe 27<br \/>10115 Berlin<\/h4>\n<h4>Contact:<\/h4>\n<h4 class=\"wb-stl-custom3\">Phone: +491794604375<br \/>Email: praxis@thefamilyosteopath.de<\/h4>\n<h4><\/h4>\n<h4>Represented by:<\/h4>\n<h4>Owner Bianca R\u00f6pke<\/h4>\n<p>[\/et_pb_text][\/et_pb_column][et_pb_column type=&#8220;1_2&#8243; _builder_version=&#8220;4.19.1&#8243; _module_preset=&#8220;default&#8220; global_colors_info=&#8220;{}&#8220;][et_pb_text _builder_version=&#8220;4.19.1&#8243; _module_preset=&#8220;default&#8220; global_colors_info=&#8220;{}&#8220;]<\/p>\n<h4>Supervisory authority<\/h4>\n<h4 class=\"wb-stl-custom3\">Gesundheitsamt Berlin Lichtenberg, Alfred-Kowalke-Str. 24, 10315 Berlin<\/h4>\n<h4>Professional liability insurance has been taken out with:<\/h4>\n<h4 class=\"wb-stl-custom3\">Die Continentale, Landesdirektion Czwikla &amp; Team GmbH, Rathenaustr. 9 (an der Oper),\u00a030159 Hannover<\/h4>\n<h4>Scope of insurance coverage:<\/h4>\n<h4>Personal injury and property damage, financial loss<\/h4>\n<h4>Website notes<\/h4>\n<h4>Information according to \u00a7 36 VSBG<\/h4>\n<h4>In accordance with \u00a7 36 VSBG (Consumer Dispute Settlement Act &#8211; Act on Alternative Dispute Resolution in Consumer Matters), the operator of this website declares:<\/h4>\n<h4>We are neither willing nor obliged to participate in dispute resolution proceedings before a consumer arbitration board.<\/h4>\n<h4>The imprint was created with the imprint generator of activeMind AG.<\/h4>\n<p>[\/et_pb_text][\/et_pb_column][\/et_pb_row][\/et_pb_section]<\/p>\n","protected":false},"excerpt":{"rendered":"<p>Impressum Angaben gem\u00e4\u00df \u00a7 5 TMG: The Family OsteopathHeilpraktikerinBianca R\u00f6pke Postanschrift: Bergstra\u00dfe 2710115 Berlin Kontakt: Telefon: 01794604375E-Mail: praxis@thefamilyosteopath.de Vertreten durch: Inhaberin Bianca R\u00f6pke Aufsichtsbeh\u00f6rde Gesundheitsamt Berlin Lichtenberg, Alfred-Kowalke-Str. 24, 10315 Berlin Die Berufshaftpflichtversicherung wurde abgeschlossen bei: Die Continentale, Landesdirektion Czwikla &amp; Team GmbH, Rathenaustr. 9 (an der Oper),\u00a030159 Hannover Geltungsbereich des Versicherungsschutzes: Personen- und Sachsch\u00e4den, [&hellip;]<\/p>\n","protected":false},"author":1,"featured_media":0,"parent":0,"menu_order":0,"comment_status":"closed","ping_status":"closed","template":"","meta":{"_et_pb_use_builder":"on","_et_pb_old_content":"<!-- wp:paragraph -->\n<p>This is an example page. It's different from a blog post because it will stay in one place and will show up in your site navigation (in most themes). Most people start with an About page that introduces them to potential site visitors. It might say something like this:<\/p>\n<!-- \/wp:paragraph -->\n\n<!-- wp:quote -->\n<blockquote class=\"wp-block-quote\"><p>Hi there! I'm a bike messenger by day, aspiring actor by night, and this is my website. I live in Los Angeles, have a great dog named Jack, and I like pi&#241;a coladas. (And gettin' caught in the rain.)<\/p><\/blockquote>\n<!-- \/wp:quote -->\n\n<!-- wp:paragraph -->\n<p>...or something like this:<\/p>\n<!-- \/wp:paragraph -->\n\n<!-- wp:quote -->\n<blockquote class=\"wp-block-quote\"><p>The XYZ Doohickey Company was founded in 1971, and has been providing quality doohickeys to the public ever since. Located in Gotham City, XYZ employs over 2,000 people and does all kinds of awesome things for the Gotham community.<\/p><\/blockquote>\n<!-- \/wp:quote -->\n\n<!-- wp:paragraph -->\n<p>As a new WordPress user, you should go to <a href=\"https:\/\/praxisroepke.de\/wp-admin\/\">your dashboard<\/a> to delete this page and create new pages for your content. Have fun!<\/p>\n<!-- \/wp:paragraph -->","_et_gb_content_width":"","footnotes":""},"class_list":["post-2","page","type-page","status-publish","hentry"],"_links":{"self":[{"href":"https:\/\/praxisroepke.de\/index.php\/wp-json\/wp\/v2\/pages\/2","targetHints":{"allow":["GET"]}}],"collection":[{"href":"https:\/\/praxisroepke.de\/index.php\/wp-json\/wp\/v2\/pages"}],"about":[{"href":"https:\/\/praxisroepke.de\/index.php\/wp-json\/wp\/v2\/types\/page"}],"author":[{"embeddable":true,"href":"https:\/\/praxisroepke.de\/index.php\/wp-json\/wp\/v2\/users\/1"}],"replies":[{"embeddable":true,"href":"https:\/\/praxisroepke.de\/index.php\/wp-json\/wp\/v2\/comments?post=2"}],"version-history":[{"count":11,"href":"https:\/\/praxisroepke.de\/index.php\/wp-json\/wp\/v2\/pages\/2\/revisions"}],"predecessor-version":[{"id":354,"href":"https:\/\/praxisroepke.de\/index.php\/wp-json\/wp\/v2\/pages\/2\/revisions\/354"}],"wp:attachment":[{"href":"https:\/\/praxisroepke.de\/index.php\/wp-json\/wp\/v2\/media?parent=2"}],"curies":[{"name":"wp","href":"https:\/\/api.w.org\/{rel}","templated":true}]}}