{"id":64,"date":"2022-11-21T16:40:18","date_gmt":"2022-11-21T16:40:18","guid":{"rendered":"https:\/\/praxisroepke.de\/?page_id=64"},"modified":"2026-01-19T11:47:03","modified_gmt":"2026-01-19T11:47:03","slug":"datenschutz","status":"publish","type":"page","link":"https:\/\/praxisroepke.de\/index.php\/datenschutz\/","title":{"rendered":"Datenschutz"},"content":{"rendered":"<p>[et_pb_section fb_built=&#8220;1&#8243; _builder_version=&#8220;4.19.1&#8243; _module_preset=&#8220;default&#8220; global_colors_info=&#8220;{}&#8220;][et_pb_row _builder_version=&#8220;4.19.1&#8243; _module_preset=&#8220;default&#8220; global_colors_info=&#8220;{}&#8220;][et_pb_column type=&#8220;4_4&#8243; _builder_version=&#8220;4.19.1&#8243; _module_preset=&#8220;default&#8220; global_colors_info=&#8220;{}&#8220;][et_pb_text _builder_version=&#8220;4.19.1&#8243; _module_preset=&#8220;default&#8220; global_colors_info=&#8220;{}&#8220;]<\/p>\n<div class=\"vbox wb_container\" id=\"wb_main\">\n<div class=\"wb_cont_inner\">\n<div class=\"wb_page\" id=\"page_5\">\n<div id=\"wb_element_instance48\" class=\"wb_element wb_text_element\">\n<h1 class=\"wb-stl-heading1\">Datenschutzerkl\u00e4rung\u00a0<\/h1>\n<p class=\"wb-stl-custom3\">Verantwortlicher im Sinne der Datenschutzgesetze, insbesondere der EU-Datenschutzgrundverordnung (DSGVO), ist:<\/p>\n<p class=\"wb-stl-custom3\">Heilpraktikerin Bianca R\u00f6pke, Bergstra\u00dfe 27, 10115 Berlin; Telefon: +49 179 460 4375; E-Mail: praxis@thefamilyosteopath.de<\/p>\n<p class=\"wb-stl-custom3\">\n<p class=\"wb-stl-custom3\">Ihre Betroffenenrechte<\/p>\n<p class=\"wb-stl-custom3\">Unter den angegebenen Kontaktdaten unseres Datenschutzbeauftragten k\u00f6nnen Sie jederzeit folgende Rechte aus\u00fcben:<\/p>\n<p class=\"wb-stl-custom3\">Auskunft \u00fcber Ihre bei uns gespeicherten Daten und deren Verarbeitung (Art. 15 DSGVO),<\/p>\n<p class=\"wb-stl-custom3\">Berichtigung unrichtiger personenbezogener Daten (Art. 16 DSGVO),<\/p>\n<p class=\"wb-stl-custom3\">L\u00f6schung Ihrer bei uns gespeicherten Daten (Art. 17 DSGVO),<\/p>\n<p class=\"wb-stl-custom3\">Einschr\u00e4nkung der Datenverarbeitung, sofern wir Ihre Daten aufgrund gesetzlicher Pflichten noch nicht l\u00f6schen d\u00fcrfen (Art. 18 DSGVO),<\/p>\n<p class=\"wb-stl-custom3\">Widerspruch gegen die Verarbeitung Ihrer Daten bei uns (Art. 21 DSGVO) und<\/p>\n<p class=\"wb-stl-custom3\">Daten\u00fcbertragbarkeit, sofern Sie in die Datenverarbeitung eingewilligt haben oder einen Vertrag mit uns abgeschlossen haben (Art. 20 DSGVO).<\/p>\n<p class=\"wb-stl-custom3\">Sofern Sie uns eine Einwilligung erteilt haben, k\u00f6nnen Sie diese jederzeit mit Wirkung f\u00fcr die Zukunft widerrufen.<\/p>\n<p class=\"wb-stl-custom3\">Sie k\u00f6nnen sich jederzeit mit einer Beschwerde an eine Aufsichtsbeh\u00f6rde wenden, z. B. an die zust\u00e4ndige Aufsichtsbeh\u00f6rde des Bundeslands Ihres Wohnsitzes oder an die f\u00fcr uns als verantwortliche Stelle zust\u00e4ndige Beh\u00f6rde.<\/p>\n<p class=\"wb-stl-custom3\">Eine Liste der Aufsichtsbeh\u00f6rden (f\u00fcr den nicht\u00f6ffentlichen Bereich) mit Anschrift finden Sie unter:\u00a0https:\/\/www.bfdi.bund.de\/DE\/Service\/Anschriften\/Laender\/Laender-node.html.<\/p>\n<p class=\"wb-stl-custom3\">\n<p class=\"wb-stl-custom3\">Erfassung allgemeiner Informationen beim Besuch unserer Website<\/p>\n<p class=\"wb-stl-custom3\">Art und Zweck der Verarbeitung:<\/p>\n<p class=\"wb-stl-custom3\">Wenn Sie auf unsere Website zugreifen, d.h., wenn Sie sich nicht registrieren oder anderweitig Informationen \u00fcbermitteln, werden automatisch Informationen allgemeiner Natur erfasst. Diese Informationen (Server-Logfiles) beinhalten etwa die Art des Webbrowsers, das verwendete Betriebssystem, den Domainnamen Ihres Internet-Service-Providers, Ihre IP-Adresse und \u00e4hnliches.\u00a0<\/p>\n<p class=\"wb-stl-custom3\">Sie werden insbesondere zu folgenden Zwecken verarbeitet:<\/p>\n<p class=\"wb-stl-custom3\">Sicherstellung eines problemlosen Verbindungsaufbaus der Website,<\/p>\n<p class=\"wb-stl-custom3\">Sicherstellung einer reibungslosen Nutzung unserer Website,<\/p>\n<p class=\"wb-stl-custom3\">Auswertung der Systemsicherheit und -stabilit\u00e4t sowie<\/p>\n<p class=\"wb-stl-custom3\">zur Optimierung unserer Website.<\/p>\n<p class=\"wb-stl-custom3\">Wir verwenden Ihre Daten nicht, um R\u00fcckschl\u00fcsse auf Ihre Person zu ziehen. Informationen dieser Art werden von uns ggfs. anonymisiert statistisch ausgewertet, um unseren Internetauftritt und die dahinterstehende Technik zu optimieren.\u00a0<\/p>\n<p class=\"wb-stl-custom3\">Rechtsgrundlage und berechtigtes Interesse:<\/p>\n<p class=\"wb-stl-custom3\">Die Verarbeitung erfolgt gem\u00e4\u00df Art. 6 Abs. 1 lit. f DSGVO auf Basis unseres berechtigten Interesses an der Verbesserung der Stabilit\u00e4t und Funktionalit\u00e4t unserer Website.<\/p>\n<p class=\"wb-stl-custom3\">Empf\u00e4nger:<\/p>\n<p class=\"wb-stl-custom3\">Empf\u00e4nger der Daten sind ggf. technische Dienstleister, die f\u00fcr den Betrieb und die Wartung unserer Webseite als Auftragsverarbeiter t\u00e4tig werden.<\/p>\n<p class=\"wb-stl-custom3\">Speicherdauer:<\/p>\n<p class=\"wb-stl-custom3\">Die Daten werden gel\u00f6scht, sobald diese f\u00fcr den Zweck der Erhebung nicht mehr erforderlich sind. Dies ist f\u00fcr die Daten, die der Bereitstellung der Website dienen, grunds\u00e4tzlich der Fall, wenn die jeweilige Sitzung beendet ist.\u00a0<\/p>\n<p class=\"wb-stl-custom3\">Bereitstellung vorgeschrieben oder erforderlich:<\/p>\n<p class=\"wb-stl-custom3\">Die Bereitstellung der vorgenannten personenbezogenen Daten ist weder gesetzlich noch vertraglich vorgeschrieben. Ohne die IP-Adresse ist jedoch der Dienst und die Funktionsf\u00e4higkeit unserer Website nicht gew\u00e4hrleistet. Zudem k\u00f6nnen einzelne Dienste und Services nicht verf\u00fcgbar oder eingeschr\u00e4nkt sein. Aus diesem Grund ist ein Widerspruch ausgeschlossen.\u00a0<\/p>\n<p class=\"wb-stl-custom3\">\n<p class=\"wb-stl-custom3\">Verwendung von Scriptbibliotheken (Google Webfonts)<\/p>\n<p class=\"wb-stl-custom3\">Um unsere Inhalte browser\u00fcbergreifend korrekt und grafisch ansprechend darzustellen, verwenden wir auf dieser Website \u201eGoogle Web Fonts\u201c der Google LLC (1600 Amphitheatre Parkway, Mountain View, CA 94043, USA; nachfolgend \u201eGoogle\u201c) zur Darstellung von Schriften.<\/p>\n<p class=\"wb-stl-custom3\">Weitere Informationen zu Google Web Fonts finden Sie unter\u00a0https:\/\/developers.google.com\/fonts\/faq\u00a0und in der Datenschutzerkl\u00e4rung von Google:\u00a0https:\/\/www.google.com\/policies\/privacy\/.<\/p>\n<p class=\"wb-stl-custom3\">\n<p class=\"wb-stl-custom3\">Verwendung von Google Maps<\/p>\n<p class=\"wb-stl-custom3\">Auf dieser Website nutzen wir das Angebot von Google Maps. Google Maps wird von Google LLC, 1600 Amphitheatre Parkway, Mountain View, CA 94043, USA (nachfolgend \u201eGoogle\u201c) betrieben. Dadurch k\u00f6nnen wir Ihnen interaktive Karten direkt in der Webseite anzeigen und erm\u00f6glichen Ihnen die komfortable Nutzung der Karten-Funktion.<br \/>N\u00e4here Informationen \u00fcber die Datenverarbeitung durch Google k\u00f6nnen Sie den Google-Datenschutzhinweisen entnehmen:\u00a0https:\/\/policies.google.com\/privacy. Dort k\u00f6nnen Sie im Datenschutzcenter auch Ihre pers\u00f6nlichen Datenschutz-Einstellungen ver\u00e4ndern.<\/p>\n<p class=\"wb-stl-custom3\">Ausf\u00fchrliche Anleitungen zur Verwaltung der eigenen Daten im Zusammenhang mit Google-Produkten finden Sie hier:\u00a0https:\/\/www.dataliberation.org<\/p>\n<p class=\"wb-stl-custom3\">Durch den Besuch der Website erh\u00e4lt Google Informationen, dass Sie die entsprechende Unterseite unserer Webseite aufgerufen haben. Dies erfolgt unabh\u00e4ngig davon, ob Google ein Nutzerkonto bereitstellt, \u00fcber das Sie eingeloggt sind, oder ob keine Nutzerkonto besteht. Wenn Sie bei Google eingeloggt sind, werden Ihre Daten direkt Ihrem Konto zugeordnet.\u00a0<\/p>\n<p class=\"wb-stl-custom3\">Wenn Sie die Zuordnung in Ihrem Profil bei Google nicht w\u00fcnschen, m\u00fcssen Sie sich vor Aktivierung des Buttons bei Google ausloggen. Google speichert Ihre Daten als Nutzungsprofile und nutzt sie f\u00fcr Zwecke der Werbung, Marktforschung und\/oder bedarfsgerechter Gestaltung seiner Websites. Eine solche Auswertung erfolgt insbesondere (selbst f\u00fcr nicht eingeloggte Nutzer) zur Erbringung bedarfsgerechter Werbung und um andere Nutzer des sozialen Netzwerks \u00fcber Ihre Aktivit\u00e4ten auf unserer Website zu informieren. Ihnen steht ein Widerspruchsrecht zu gegen die Bildung dieser Nutzerprofile, wobei Sie sich zur Aus\u00fcbung dessen an Google richten m\u00fcssen.\u00a0<\/p>\n<p class=\"wb-stl-custom3\">Widerruf der Einwilligung:<\/p>\n<p class=\"wb-stl-custom3\">Vom Anbieter wird derzeit keine M\u00f6glichkeit f\u00fcr einen einfachen Opt-out oder ein Blockieren der Daten\u00fcbertragung angeboten. Wenn Sie eine Nachverfolgung Ihrer Aktivit\u00e4ten auf unserer Website verhindern wollen, widerrufen Sie bitte im Cookie-Consent-Tool Ihre Einwilligung f\u00fcr die entsprechende Cookie-Kategorie oder alle technisch nicht notwendigen Cookies und Daten\u00fcbertragungen. In diesem Fall k\u00f6nnen Sie unsere Website jedoch ggfs. nicht oder nur eingeschr\u00e4nkt nutzen.<\/p>\n<p class=\"wb-stl-custom3\">\n<p class=\"wb-stl-custom3\">SSL-Verschl\u00fcsselung<\/p>\n<p class=\"wb-stl-custom3\">Um die Sicherheit Ihrer Daten bei der \u00dcbertragung zu sch\u00fctzen, verwenden wir dem aktuellen Stand der Technik entsprechende Verschl\u00fcsselungsverfahren (z. B. SSL) \u00fcber HTTPS.<\/p>\n<p class=\"wb-stl-custom3\">\n<p class=\"wb-stl-custom3\">Information \u00fcber Ihr Widerspruchsrecht nach Art. 21 DSGVO<\/p>\n<p class=\"wb-stl-custom3\">Einzelfallbezogenes Widerspruchsrecht<\/p>\n<p class=\"wb-stl-custom3\">Sie haben das Recht, aus Gr\u00fcnden, die sich aus Ihrer besonderen Situation ergeben, jederzeit gegen die Verarbeitung Sie betreffender personenbezogener Daten, die aufgrund Art. 6 Abs. 1 lit. f DSGVO (Datenverarbeitung auf der Grundlage einer Interessenabw\u00e4gung) erfolgt, Widerspruch einzulegen; dies gilt auch f\u00fcr ein auf diese Bestimmung gest\u00fctztes Profiling im Sinne von Art. 4 Nr. 4 DSGVO.<\/p>\n<p class=\"wb-stl-custom3\">Legen Sie Widerspruch ein, werden wir Ihre personenbezogenen Daten nicht mehr verarbeiten, es sei denn, wir k\u00f6nnen zwingende schutzw\u00fcrdige Gr\u00fcnde f\u00fcr die Verarbeitung nachweisen, die Ihre Interessen, Rechte und Freiheiten \u00fcberwiegen, oder die Verarbeitung dient der Geltendmachung, Aus\u00fcbung oder Verteidigung von Rechtsanspr\u00fcchen.<\/p>\n<p class=\"wb-stl-custom3\">Empf\u00e4nger eines Widerspruchs<\/p>\n<p class=\"wb-stl-custom3\">Heilpraktikerin Bianca R\u00f6pke, Bergstra\u00dfe 27, 10115 Berlin; Telefon: +49 179 460 4375; E-Mail: praxis@thefamilyosteopath.de<\/p>\n<p class=\"wb-stl-custom3\">\n<p class=\"wb-stl-custom3\">\u00c4nderung unserer Datenschutzbestimmungen<\/p>\n<p class=\"wb-stl-custom3\">Wir behalten uns vor, diese Datenschutzerkl\u00e4rung anzupassen, damit sie stets den aktuellen rechtlichen Anforderungen entspricht oder um \u00c4nderungen unserer Leistungen in der Datenschutzerkl\u00e4rung umzusetzen, z.B. bei der Einf\u00fchrung neuer Services. F\u00fcr Ihren erneuten Besuch gilt dann die neue Datenschutzerkl\u00e4rung.<\/p>\n<p class=\"wb-stl-custom3\">\n<p class=\"wb-stl-custom3\">Fragen an den Datenschutzbeauftragten<\/p>\n<p class=\"wb-stl-custom3\">Wenn Sie Fragen zum Datenschutz haben, schreiben Sie uns bitte eine E-Mail oder wenden Sie sich direkt an die f\u00fcr den Datenschutz verantwortliche Person in unserer Organisation:<\/p>\n<p class=\"wb-stl-custom3\">Heilpraktikerin Bianca R\u00f6pke, Bergstra\u00dfe 27, 10115 Berlin; Telefon: +49 179 460 4375; E-Mail: praxis@thefamilyosteopath.de<\/p>\n<p class=\"wb-stl-custom3\">\n<p class=\"wb-stl-custom3\">Die Datenschutzerkl\u00e4rung wurde mithilfe der activeMind AG erstellt, den Experten f\u00fcr\u00a0externe Datenschutzbeauftragte\u00a0(Version #2020-09-30).<\/p>\n<\/div>\n<div id=\"wb_element_instance49\" class=\"wb_element wb_element_shape\">\n<div class=\"wb_shp\"><\/div>\n<\/div>\n<\/div>\n<\/div>\n<div class=\"wb_cont_outer\">\n<div class=\"wb_page\" id=\"page_1e\"><\/div>\n<div class=\"wb_page\" id=\"page_2e\"><\/div>\n<div class=\"wb_page\" id=\"page_7e\"><\/div>\n<div class=\"wb_page\" id=\"page_4e\"><\/div>\n<div class=\"wb_page\" id=\"page_6e\"><\/div>\n<div class=\"wb_page\" id=\"page_3e\"><\/div>\n<div class=\"wb_page\" id=\"page_5e\"><\/div>\n<\/div>\n<\/div>\n<div class=\"vbox wb_container\" id=\"wb_footer\">\n<div class=\"wb_cont_inner\">\n<div id=\"wb_element_instance2\" class=\"wb_element wb_text_element\">\n<p class=\"wb-stl-footer\">\u00a9 2021 <a href=\"http:\/\/testing.praxisroepke.de\/\">praxisroepke.de<\/a><\/p>\n<\/div>\n<\/div>\n<\/div>\n<p>[\/et_pb_text][\/et_pb_column][\/et_pb_row][et_pb_row _builder_version=&#8220;4.19.1&#8243; _module_preset=&#8220;default&#8220; global_colors_info=&#8220;{}&#8220;][et_pb_column type=&#8220;4_4&#8243; _builder_version=&#8220;4.19.1&#8243; _module_preset=&#8220;default&#8220; global_colors_info=&#8220;{}&#8220;][et_pb_text _builder_version=&#8220;4.19.1&#8243; _module_preset=&#8220;default&#8220; global_colors_info=&#8220;{}&#8220;]<\/p>\n<h1>Data privacy declaration<\/h1>\n<p>Responsible person in terms of data protection laws, in particular the EU General Data Protection Regulation (DSGVO), is:<br \/>Naturopath Bianca R\u00f6pke, Bergstra\u00dfe 27, 10115 Berlin; phone: +49 179 460 4375; e-mail: praxis@thefamilyosteopath.de<\/p>\n<p>You can exercise the following rights at any time using the contact details provided by our data protection officer:<\/p>\n<p>Information about your data stored by us and its processing (Art. 15 DSGVO),<br \/>Correction of incorrect personal data (Art. 16 DSGVO),<br \/>Deletion of your data stored by us (Art. 17 DSGVO),<br \/>Restriction of data processing if we are not yet allowed to delete your data due to legal obligations (Art. 18 DSGVO),<br \/>objection to the processing of your data by us (Art. 21 DSGVO) and<br \/>Data portability, provided that you have consented to the data processing or have concluded a contract with us (Art. 20 DSGVO).<\/p>\n<p>If you have given us consent, you can revoke it at any time with effect for the future.<br \/>You may at any time lodge a complaint with a supervisory authority, e.g. the competent supervisory authority in the federal state of your residence or the authority responsible for us as the controller.<\/p>\n<p>A list of supervisory authorities (for the non-public sector) with address can be found at: <a href=\"https:\/\/www.bfdi.bund.de\/DE\/Service\/Anschriften\/Laender\/Laender-node.html\">https:\/\/www.bfdi.bund.de\/DE\/Service\/Anschriften\/Laender\/Laender-node.html<\/a>.<\/p>\n<p>Collection of general information when visiting our website<\/p>\n<p>Nature and purpose of the processing:<\/p>\n<p>When you access our website, i.e., when you do not register or otherwise submit information, information of a general nature is automatically collected. This information (server log files) includes, for example, the type of web browser, the operating system used, the domain name of your Internet service provider, your IP address and the like.<\/p>\n<p>In particular, they are processed for the following purposes:<\/p>\n<p>Ensuring a smooth connection of the website,<br \/>Ensuring a smooth use of our website,<br \/>evaluating system security and stability, and<br \/>for the optimization of our website.<\/p>\n<p>We do not use your data to draw conclusions about your person. Information of this kind is statistically evaluated anonymously by us, if necessary, in order to optimize our Internet presence and the technology behind it.<\/p>\n<p>Legal basis and legitimate interest:<\/p>\n<p>The processing is carried out in accordance with Art. 6 para. 1 lit. f DSGVO on the basis of our legitimate interest in improving the stability and functionality of our website.<\/p>\n<p>Recipients:<\/p>\n<p>Recipients of the data may be technical service providers who act as order processors for the operation and maintenance of our website.<\/p>\n<p>Storage period:<\/p>\n<p>The data is deleted as soon as it is no longer required for the purpose for which it was collected. This is generally the case for the data used to provide the website when the respective session has ended.<\/p>\n<p>Provision prescribed or required:<\/p>\n<p>The provision of the aforementioned personal data is neither legally nor contractually required. However, without the IP address, the service and functionality of our website is not guaranteed. In addition, individual services and services may not be available or may be limited. For this reason, an objection is excluded.<\/p>\n<p>Use of script libraries (Google Web Fonts)<\/p>\n<p>In order to display our content correctly and in a graphically appealing manner across browsers, we use &#8222;Google Web Fonts&#8220; from Google LLC (1600 Amphitheatre Parkway, Mountain View, CA 94043, USA; hereinafter &#8222;Google&#8220;) on this website to display fonts.<br \/>Further information on Google Web Fonts can be found at https:\/\/developers.google.com\/fonts\/faq and in Google&#8217;s privacy policy: <a href=\"https:\/\/www.google.com\/policies\/privacy\/\">https:\/\/www.google.com\/policies\/privacy\/<\/a>.<\/p>\n<p>Use of Google Maps<\/p>\n<p>On this website we use the offer of Google Maps. Google Maps is operated by Google LLC, 1600 Amphitheatre Parkway, Mountain View, CA 94043, USA (hereinafter &#8222;Google&#8220;). This allows us to display interactive maps directly on the website and enables you to use the map function conveniently.<br \/>You can find more information about data processing by Google in the Google privacy policy: https:\/\/policies.google.com\/privacy. There you can also change your personal data protection settings in the data protection center.<\/p>\n<p>Detailed instructions on how to manage your own data in connection with Google products can be found here: <a href=\"https:\/\/www.dataliberation.org\">https:\/\/www.dataliberation.org<\/a><\/p>\n<p>By visiting the website, Google receives information that you have called up the corresponding sub-page of our website. This occurs regardless of whether Google provides a user account through which you are logged in or whether there is no user account. user account exists. If you are logged in to Google, your data will be directly assigned to your account.<\/p>\n<p>If you do not want the assignment in your profile at Google, you must log out of Google before activating the button. Google stores your data as usage profiles and uses them for purposes of advertising, market research and\/or demand-oriented design of its websites. Such an evaluation is carried out in particular (even for users who are not logged in) to provide needs-based advertising and to inform other users of the social network about your activities on our website. You have the right to object to the creation of these user profiles, whereby you must contact Google to exercise this right.<\/p>\n<p>Withdrawal of consent:<\/p>\n<p>No option for a simple opt-out or blocking of data transmission is currently offered by the provider. If you wish to prevent tracking of your activities on our website, please revoke your consent for the corresponding cookie category or all technically unnecessary cookies and data transfers in the cookie consent tool. In this case, however, you may not be able to use our website or may only be able to use it to a limited extent.<\/p>\n<p>SSL encryption<\/p>\n<p>To protect the security of your data during transmission, we use state-of-the-art encryption methods (e.g. SSL) via HTTPS.<\/p>\n<p>Information about your right to object according to Art. 21 DSGVO<\/p>\n<p>Right to object on a case-by-case basis<\/p>\n<p>You have the right to object at any time, on grounds relating to your particular situation, to the processing of personal data concerning you which is carried out on the basis of Art. 6(1)(f) DSGVO (data processing on the basis of a balance of interests); this also applies to profiling based on this provision within the meaning of Art. 4 No. 4 DSGVO.<\/p>\n<p>If you object, we will no longer process your personal data unless we can demonstrate compelling legitimate grounds for the processing which override your interests, rights and freedoms, or the processing serves the purpose of asserting, exercising or defending legal claims.<\/p>\n<p>Recipient of an opposition<\/p>\n<p>Naturopath Bianca R\u00f6pke, Bergstra\u00dfe 27, 10115 Berlin; phone: +49 179 460 4375; e-mail: praxis@thefamilyosteopath.de<\/p>\n<p>Change to our privacy policy<\/p>\n<p>We reserve the right to adapt this data protection declaration so that it always complies with the current legal requirements or in order to implement changes to our services in the data protection declaration, e.g. when introducing new services. The new privacy policy will then apply to your next visit.<\/p>\n<p>Questions for the data protection officer<\/p>\n<p>If you have any questions about data protection, please write us an e-mail or contact the person responsible for data protection in our organization directly:<\/p>\n<p>Naturopath Bianca R\u00f6pke, Bergstra\u00dfe 27, 10115 Berlin; phone: +49 179 460 4375; e-mail: praxis@thefamilyosteopath.de<\/p>\n<p>The privacy policy was created with the help of activeMind AG, the experts for external data protection officers (version #2020-09-30).<br \/>\u00a9 2024 praxisroepke.de<\/p>\n<p>[\/et_pb_text][\/et_pb_column][\/et_pb_row][\/et_pb_section]<\/p>\n","protected":false},"excerpt":{"rendered":"<p>Datenschutzerkl\u00e4rung\u00a0 Verantwortlicher im Sinne der Datenschutzgesetze, insbesondere der EU-Datenschutzgrundverordnung (DSGVO), ist: Heilpraktikerin Bianca R\u00f6pke, Bergstra\u00dfe 27, 10115 Berlin; Telefon: +49 179 460 4375; E-Mail: praxis@thefamilyosteopath.de Ihre Betroffenenrechte Unter den angegebenen Kontaktdaten unseres Datenschutzbeauftragten k\u00f6nnen Sie jederzeit folgende Rechte aus\u00fcben: Auskunft \u00fcber Ihre bei uns gespeicherten Daten und deren Verarbeitung (Art. 15 DSGVO), Berichtigung unrichtiger personenbezogener [&hellip;]<\/p>\n","protected":false},"author":1,"featured_media":0,"parent":0,"menu_order":0,"comment_status":"closed","ping_status":"closed","template":"","meta":{"_et_pb_use_builder":"on","_et_pb_old_content":"","_et_gb_content_width":"","footnotes":""},"class_list":["post-64","page","type-page","status-publish","hentry"],"_links":{"self":[{"href":"https:\/\/praxisroepke.de\/index.php\/wp-json\/wp\/v2\/pages\/64","targetHints":{"allow":["GET"]}}],"collection":[{"href":"https:\/\/praxisroepke.de\/index.php\/wp-json\/wp\/v2\/pages"}],"about":[{"href":"https:\/\/praxisroepke.de\/index.php\/wp-json\/wp\/v2\/types\/page"}],"author":[{"embeddable":true,"href":"https:\/\/praxisroepke.de\/index.php\/wp-json\/wp\/v2\/users\/1"}],"replies":[{"embeddable":true,"href":"https:\/\/praxisroepke.de\/index.php\/wp-json\/wp\/v2\/comments?post=64"}],"version-history":[{"count":7,"href":"https:\/\/praxisroepke.de\/index.php\/wp-json\/wp\/v2\/pages\/64\/revisions"}],"predecessor-version":[{"id":357,"href":"https:\/\/praxisroepke.de\/index.php\/wp-json\/wp\/v2\/pages\/64\/revisions\/357"}],"wp:attachment":[{"href":"https:\/\/praxisroepke.de\/index.php\/wp-json\/wp\/v2\/media?parent=64"}],"curies":[{"name":"wp","href":"https:\/\/api.w.org\/{rel}","templated":true}]}}